{"id":7026,"date":"2023-02-17T15:53:45","date_gmt":"2023-02-17T14:53:45","guid":{"rendered":"https:\/\/realtime.li\/analytics\/?page_id=7026"},"modified":"2025-10-23T16:53:11","modified_gmt":"2025-10-23T14:53:11","slug":"imprint","status":"publish","type":"page","link":"https:\/\/www.nowmetrix.com\/analytics\/imprint\/","title":{"rendered":"Imprint"},"content":{"rendered":"\t\t<div data-elementor-type=\"wp-page\" data-elementor-id=\"7026\" class=\"elementor elementor-7026\" data-elementor-settings=\"{&quot;element_pack_global_tooltip_width&quot;:{&quot;unit&quot;:&quot;px&quot;,&quot;size&quot;:&quot;&quot;,&quot;sizes&quot;:[]},&quot;element_pack_global_tooltip_width_tablet&quot;:{&quot;unit&quot;:&quot;px&quot;,&quot;size&quot;:&quot;&quot;,&quot;sizes&quot;:[]},&quot;element_pack_global_tooltip_width_mobile&quot;:{&quot;unit&quot;:&quot;px&quot;,&quot;size&quot;:&quot;&quot;,&quot;sizes&quot;:[]},&quot;element_pack_global_tooltip_padding&quot;:{&quot;unit&quot;:&quot;px&quot;,&quot;top&quot;:&quot;&quot;,&quot;right&quot;:&quot;&quot;,&quot;bottom&quot;:&quot;&quot;,&quot;left&quot;:&quot;&quot;,&quot;isLinked&quot;:true},&quot;element_pack_global_tooltip_padding_tablet&quot;:{&quot;unit&quot;:&quot;px&quot;,&quot;top&quot;:&quot;&quot;,&quot;right&quot;:&quot;&quot;,&quot;bottom&quot;:&quot;&quot;,&quot;left&quot;:&quot;&quot;,&quot;isLinked&quot;:true},&quot;element_pack_global_tooltip_padding_mobile&quot;:{&quot;unit&quot;:&quot;px&quot;,&quot;top&quot;:&quot;&quot;,&quot;right&quot;:&quot;&quot;,&quot;bottom&quot;:&quot;&quot;,&quot;left&quot;:&quot;&quot;,&quot;isLinked&quot;:true},&quot;element_pack_global_tooltip_border_radius&quot;:{&quot;unit&quot;:&quot;px&quot;,&quot;top&quot;:&quot;&quot;,&quot;right&quot;:&quot;&quot;,&quot;bottom&quot;:&quot;&quot;,&quot;left&quot;:&quot;&quot;,&quot;isLinked&quot;:true},&quot;element_pack_global_tooltip_border_radius_tablet&quot;:{&quot;unit&quot;:&quot;px&quot;,&quot;top&quot;:&quot;&quot;,&quot;right&quot;:&quot;&quot;,&quot;bottom&quot;:&quot;&quot;,&quot;left&quot;:&quot;&quot;,&quot;isLinked&quot;:true},&quot;element_pack_global_tooltip_border_radius_mobile&quot;:{&quot;unit&quot;:&quot;px&quot;,&quot;top&quot;:&quot;&quot;,&quot;right&quot;:&quot;&quot;,&quot;bottom&quot;:&quot;&quot;,&quot;left&quot;:&quot;&quot;,&quot;isLinked&quot;:true}}\">\n\t\t\t\t\t\t<section class=\"elementor-section elementor-top-section elementor-element elementor-element-aa23675 elementor-section-boxed elementor-section-height-default elementor-section-height-default\" data-id=\"aa23675\" data-element_type=\"section\" data-e-type=\"section\">\n\t\t\t\t\t\t<div class=\"elementor-container elementor-column-gap-default\">\n\t\t\t\t\t<div class=\"elementor-column elementor-col-100 elementor-top-column elementor-element elementor-element-cc25c41\" data-id=\"cc25c41\" data-element_type=\"column\" data-e-type=\"column\">\n\t\t\t<div class=\"elementor-widget-wrap elementor-element-populated\">\n\t\t\t\t\t\t<div class=\"elementor-element elementor-element-c214231 elementor-widget__width-initial elementor-widget elementor-widget-text-editor\" data-id=\"c214231\" data-element_type=\"widget\" data-e-type=\"widget\" data-widget_type=\"text-editor.default\">\n\t\t\t\t<div class=\"elementor-widget-container\">\n\t\t\t\t\t\t\t\t\t<p>NowMetrix is a product of R\u00fcegg Internet Services, Switzerland.<\/p>\n<p><strong><span style=\"font-size: inherit;\">NowMetrix<br><\/span><span style=\"font-size: inherit;\">Z\u00fcrichstrasse 242<br><\/span><span style=\"font-size: inherit;\">8122 Binz, Switzerland<br><\/span><span style=\"font-size: inherit;\">E-Mail:&nbsp;<\/span><a style=\"transition-property: all; color: #ff008a; font-size: inherit;\" href=\"mailto:info@nowmetrix.com\">info@nowmetrix.com<\/a><\/strong><\/p>\n<p>Managing Director: Benjamin R\u00fcegg<br>Company ID: CHE-494.871.949<br>Commercial Register ID:&nbsp;CH-020-1103989-2<br>Commercial Register of Canton Zurich<\/p>\t\t\t\t\t\t\t\t<\/div>\n\t\t\t\t<\/div>\n\t\t\t\t\t<\/div>\n\t\t<\/div>\n\t\t\t\t\t<\/div>\n\t\t<\/section>\n\t\t\t\t<\/div>\n\t\t","protected":false},"excerpt":{"rendered":"<p>NowMetrix is a product of R\u00fcegg Internet Services, Switzerland. NowMetrixZ\u00fcrichstrasse 2428122 Binz, SwitzerlandE-Mail:&nbsp;info@nowmetrix.com Managing Director: Benjamin R\u00fceggCompany ID: CHE-494.871.949Commercial Register ID:&nbsp;CH-020-1103989-2Commercial Register [&hellip;]<\/p>\n","protected":false},"author":1,"featured_media":0,"parent":0,"menu_order":0,"comment_status":"closed","ping_status":"closed","template":"","meta":{"iawp_total_views":97,"footnotes":""},"class_list":["post-7026","page","type-page","status-publish","hentry"],"yoast_head":"<!-- This site is optimized with the Yoast SEO plugin v27.2 - https:\/\/yoast.com\/product\/yoast-seo-wordpress\/ -->\n<title>Imprint - NowMetrix Analytics<\/title>\n<meta name=\"robots\" content=\"index, follow, max-snippet:-1, max-image-preview:large, max-video-preview:-1\" \/>\n<link rel=\"canonical\" href=\"https:\/\/www.nowmetrix.com\/analytics\/imprint\/\" \/>\n<meta property=\"og:locale\" content=\"en_US\" \/>\n<meta property=\"og:type\" content=\"article\" \/>\n<meta property=\"og:title\" content=\"Imprint - NowMetrix Analytics\" \/>\n<meta property=\"og:description\" content=\"NowMetrix is a product of R\u00fcegg Internet Services, Switzerland. NowMetrixZ\u00fcrichstrasse 2428122 Binz, SwitzerlandE-Mail:&nbsp;info@nowmetrix.com Managing Director: Benjamin R\u00fceggCompany ID: CHE-494.871.949Commercial Register ID:&nbsp;CH-020-1103989-2Commercial Register [&hellip;]\" \/>\n<meta property=\"og:url\" content=\"https:\/\/www.nowmetrix.com\/analytics\/imprint\/\" \/>\n<meta property=\"og:site_name\" content=\"NowMetrix Analytics\" \/>\n<meta property=\"article:modified_time\" content=\"2025-10-23T14:53:11+00:00\" \/>\n<meta property=\"og:image\" content=\"https:\/\/www.nowmetrix.com\/analytics\/wp-content\/uploads\/2023\/03\/share.png\" \/>\n\t<meta property=\"og:image:width\" content=\"1800\" \/>\n\t<meta property=\"og:image:height\" content=\"942\" \/>\n\t<meta property=\"og:image:type\" content=\"image\/png\" \/>\n<meta name=\"twitter:card\" content=\"summary_large_image\" \/>\n<meta name=\"twitter:site\" content=\"@realtime_li\" \/>\n<meta name=\"twitter:label1\" content=\"Est. reading time\" \/>\n\t<meta name=\"twitter:data1\" content=\"1 minute\" \/>\n<script type=\"application\/ld+json\" class=\"yoast-schema-graph\">{\"@context\":\"https:\/\/schema.org\",\"@graph\":[{\"@type\":\"WebPage\",\"@id\":\"https:\/\/www.nowmetrix.com\/analytics\/imprint\/\",\"url\":\"https:\/\/www.nowmetrix.com\/analytics\/imprint\/\",\"name\":\"Imprint - NowMetrix Analytics\",\"isPartOf\":{\"@id\":\"https:\/\/www.nowmetrix.com\/analytics\/#website\"},\"datePublished\":\"2023-02-17T14:53:45+00:00\",\"dateModified\":\"2025-10-23T14:53:11+00:00\",\"breadcrumb\":{\"@id\":\"https:\/\/www.nowmetrix.com\/analytics\/imprint\/#breadcrumb\"},\"inLanguage\":\"en-US\",\"potentialAction\":[{\"@type\":\"ReadAction\",\"target\":[\"https:\/\/www.nowmetrix.com\/analytics\/imprint\/\"]}]},{\"@type\":\"BreadcrumbList\",\"@id\":\"https:\/\/www.nowmetrix.com\/analytics\/imprint\/#breadcrumb\",\"itemListElement\":[{\"@type\":\"ListItem\",\"position\":1,\"name\":\"Home\",\"item\":\"https:\/\/nowmetrix.com\/analytics\/\"},{\"@type\":\"ListItem\",\"position\":2,\"name\":\"Imprint\"}]},{\"@type\":\"WebSite\",\"@id\":\"https:\/\/www.nowmetrix.com\/analytics\/#website\",\"url\":\"https:\/\/www.nowmetrix.com\/analytics\/\",\"name\":\"NowMetrix Analytics\",\"description\":\"Real-time Traffic Analytics for Newsrooms and Content Teams\",\"publisher\":{\"@id\":\"https:\/\/www.nowmetrix.com\/analytics\/#organization\"},\"potentialAction\":[{\"@type\":\"SearchAction\",\"target\":{\"@type\":\"EntryPoint\",\"urlTemplate\":\"https:\/\/www.nowmetrix.com\/analytics\/?s={search_term_string}\"},\"query-input\":{\"@type\":\"PropertyValueSpecification\",\"valueRequired\":true,\"valueName\":\"search_term_string\"}}],\"inLanguage\":\"en-US\"},{\"@type\":\"Organization\",\"@id\":\"https:\/\/www.nowmetrix.com\/analytics\/#organization\",\"name\":\"NowMetrix Analytics\",\"url\":\"https:\/\/www.nowmetrix.com\/analytics\/\",\"logo\":{\"@type\":\"ImageObject\",\"inLanguage\":\"en-US\",\"@id\":\"https:\/\/www.nowmetrix.com\/analytics\/#\/schema\/logo\/image\/\",\"url\":\"https:\/\/realtime.li\/analytics\/wp-content\/uploads\/2023\/03\/logo.png\",\"contentUrl\":\"https:\/\/realtime.li\/analytics\/wp-content\/uploads\/2023\/03\/logo.png\",\"width\":371,\"height\":77,\"caption\":\"NowMetrix Analytics\"},\"image\":{\"@id\":\"https:\/\/www.nowmetrix.com\/analytics\/#\/schema\/logo\/image\/\"},\"sameAs\":[\"https:\/\/x.com\/realtime_li\",\"https:\/\/www.linkedin.com\/company\/realtimeli\/\"]}]}<\/script>\n<!-- \/ Yoast SEO plugin. -->","yoast_head_json":{"title":"Imprint - NowMetrix Analytics","robots":{"index":"index","follow":"follow","max-snippet":"max-snippet:-1","max-image-preview":"max-image-preview:large","max-video-preview":"max-video-preview:-1"},"canonical":"https:\/\/www.nowmetrix.com\/analytics\/imprint\/","og_locale":"en_US","og_type":"article","og_title":"Imprint - NowMetrix Analytics","og_description":"NowMetrix is a product of R\u00fcegg Internet Services, Switzerland. NowMetrixZ\u00fcrichstrasse 2428122 Binz, SwitzerlandE-Mail:&nbsp;info@nowmetrix.com Managing Director: Benjamin R\u00fceggCompany ID: CHE-494.871.949Commercial Register ID:&nbsp;CH-020-1103989-2Commercial Register [&hellip;]","og_url":"https:\/\/www.nowmetrix.com\/analytics\/imprint\/","og_site_name":"NowMetrix Analytics","article_modified_time":"2025-10-23T14:53:11+00:00","og_image":[{"width":1800,"height":942,"url":"https:\/\/www.nowmetrix.com\/analytics\/wp-content\/uploads\/2023\/03\/share.png","type":"image\/png"}],"twitter_card":"summary_large_image","twitter_site":"@realtime_li","twitter_misc":{"Est. reading time":"1 minute"},"schema":{"@context":"https:\/\/schema.org","@graph":[{"@type":"WebPage","@id":"https:\/\/www.nowmetrix.com\/analytics\/imprint\/","url":"https:\/\/www.nowmetrix.com\/analytics\/imprint\/","name":"Imprint - NowMetrix Analytics","isPartOf":{"@id":"https:\/\/www.nowmetrix.com\/analytics\/#website"},"datePublished":"2023-02-17T14:53:45+00:00","dateModified":"2025-10-23T14:53:11+00:00","breadcrumb":{"@id":"https:\/\/www.nowmetrix.com\/analytics\/imprint\/#breadcrumb"},"inLanguage":"en-US","potentialAction":[{"@type":"ReadAction","target":["https:\/\/www.nowmetrix.com\/analytics\/imprint\/"]}]},{"@type":"BreadcrumbList","@id":"https:\/\/www.nowmetrix.com\/analytics\/imprint\/#breadcrumb","itemListElement":[{"@type":"ListItem","position":1,"name":"Home","item":"https:\/\/nowmetrix.com\/analytics\/"},{"@type":"ListItem","position":2,"name":"Imprint"}]},{"@type":"WebSite","@id":"https:\/\/www.nowmetrix.com\/analytics\/#website","url":"https:\/\/www.nowmetrix.com\/analytics\/","name":"NowMetrix Analytics","description":"Real-time Traffic Analytics for Newsrooms and Content Teams","publisher":{"@id":"https:\/\/www.nowmetrix.com\/analytics\/#organization"},"potentialAction":[{"@type":"SearchAction","target":{"@type":"EntryPoint","urlTemplate":"https:\/\/www.nowmetrix.com\/analytics\/?s={search_term_string}"},"query-input":{"@type":"PropertyValueSpecification","valueRequired":true,"valueName":"search_term_string"}}],"inLanguage":"en-US"},{"@type":"Organization","@id":"https:\/\/www.nowmetrix.com\/analytics\/#organization","name":"NowMetrix Analytics","url":"https:\/\/www.nowmetrix.com\/analytics\/","logo":{"@type":"ImageObject","inLanguage":"en-US","@id":"https:\/\/www.nowmetrix.com\/analytics\/#\/schema\/logo\/image\/","url":"https:\/\/realtime.li\/analytics\/wp-content\/uploads\/2023\/03\/logo.png","contentUrl":"https:\/\/realtime.li\/analytics\/wp-content\/uploads\/2023\/03\/logo.png","width":371,"height":77,"caption":"NowMetrix Analytics"},"image":{"@id":"https:\/\/www.nowmetrix.com\/analytics\/#\/schema\/logo\/image\/"},"sameAs":["https:\/\/x.com\/realtime_li","https:\/\/www.linkedin.com\/company\/realtimeli\/"]}]}},"_links":{"self":[{"href":"https:\/\/www.nowmetrix.com\/analytics\/wp-json\/wp\/v2\/pages\/7026","targetHints":{"allow":["GET"]}}],"collection":[{"href":"https:\/\/www.nowmetrix.com\/analytics\/wp-json\/wp\/v2\/pages"}],"about":[{"href":"https:\/\/www.nowmetrix.com\/analytics\/wp-json\/wp\/v2\/types\/page"}],"author":[{"embeddable":true,"href":"https:\/\/www.nowmetrix.com\/analytics\/wp-json\/wp\/v2\/users\/1"}],"replies":[{"embeddable":true,"href":"https:\/\/www.nowmetrix.com\/analytics\/wp-json\/wp\/v2\/comments?post=7026"}],"version-history":[{"count":36,"href":"https:\/\/www.nowmetrix.com\/analytics\/wp-json\/wp\/v2\/pages\/7026\/revisions"}],"predecessor-version":[{"id":11875,"href":"https:\/\/www.nowmetrix.com\/analytics\/wp-json\/wp\/v2\/pages\/7026\/revisions\/11875"}],"wp:attachment":[{"href":"https:\/\/www.nowmetrix.com\/analytics\/wp-json\/wp\/v2\/media?parent=7026"}],"curies":[{"name":"wp","href":"https:\/\/api.w.org\/{rel}","templated":true}]}}